{"id":10,"date":"2011-06-06T17:00:59","date_gmt":"2011-06-06T17:00:59","guid":{"rendered":"http:\/\/warendorf.laborumgebung.de\/?page_id=10"},"modified":"2024-06-03T19:25:16","modified_gmt":"2024-06-03T18:25:16","slug":"service-leistungen","status":"publish","type":"page","link":"https:\/\/www.wagner-kuechenstudio.de\/?page_id=10","title":{"rendered":"SERVICE &#038; LEISTUNGEN"},"content":{"rendered":"<p>K\u00fcchen f\u00fcr Pers\u00f6nlichkeiten: Das nehmen wir w\u00f6rtlich. Deshalb setzen wir uns bereits vor der Planung Ihrer K\u00fcche pers\u00f6nlich mit Ihnen zusammen. Wir lernen Sie und Ihre Vorstellungen genauer kennen und gehen auf all Ihre Fragen ein: Welche Gestaltung entspricht Ihrer Pers\u00f6nlichkeit? Wie lassen sich Ihre W\u00fcnsche mit Ihren r\u00e4umlichen Voraussetzungen am besten in Einklang bringen? Auf diese Weise finden wir in den fast unendlichen M\u00f6glichkeiten, die REMPP bietet, Ihre pers\u00f6nliche L\u00f6sung.<\/p>\n<p>Wir beraten Sie bei der Anordnung der Arbeitsfl\u00e4chen, Staur\u00e4ume und Ger\u00e4te. Beim Zusammenspiel der K\u00fcche mit den angrenzenden R\u00e4umen. Und schlie\u00dflich bei der einzigartigen optischen Umsetzung durch Fronten, Oberfl\u00e4chen, Beleuchtung und vielem mehr. So nimmt Ihre REMPP K\u00fcche immer konkretere Formen an. Vom Kennenlernen \u00fcber den gemeinsam erarbeiteten Entwurf bis hin zu Angebot, Terminkoordination und Einbau durch erfahrene Spezialisten \u2013 freuen Sie sich auf einen reibungslosen und unkomplizierten Ablauf.<\/p>\n\n\n<figure class=\"wp-block-image size-large is-resized\"><a href=\"https:\/\/www.wagner-kuechenstudio.de\/wp-content\/uploads\/2024\/06\/IMG_1539-scaled.jpeg\"><img loading=\"lazy\" decoding=\"async\" src=\"https:\/\/www.wagner-kuechenstudio.de\/wp-content\/uploads\/2024\/06\/IMG_1539-768x1024.jpeg\" alt=\"\" class=\"wp-image-4444\" width=\"840\" height=\"1120\" srcset=\"https:\/\/www.wagner-kuechenstudio.de\/wp-content\/uploads\/2024\/06\/IMG_1539-768x1024.jpeg 768w, https:\/\/www.wagner-kuechenstudio.de\/wp-content\/uploads\/2024\/06\/IMG_1539-225x300.jpeg 225w, https:\/\/www.wagner-kuechenstudio.de\/wp-content\/uploads\/2024\/06\/IMG_1539-1152x1536.jpeg 1152w, https:\/\/www.wagner-kuechenstudio.de\/wp-content\/uploads\/2024\/06\/IMG_1539-1536x2048.jpeg 1536w, https:\/\/www.wagner-kuechenstudio.de\/wp-content\/uploads\/2024\/06\/IMG_1539-scaled.jpeg 1920w\" sizes=\"auto, (max-width: 840px) 100vw, 840px\" \/><\/a><\/figure>\n","protected":false},"excerpt":{"rendered":"<p>K\u00fcchen f\u00fcr Pers\u00f6nlichkeiten: Das nehmen wir w\u00f6rtlich. Deshalb setzen wir uns bereits vor der Planung Ihrer K\u00fcche pers\u00f6nlich mit Ihnen zusammen. Wir lernen Sie und Ihre Vorstellungen genauer kennen und gehen auf all Ihre Fragen ein: Welche Gestaltung entspricht Ihrer Pers\u00f6nlichkeit? Wie lassen sich Ihre W\u00fcnsche mit Ihren r\u00e4umlichen Voraussetzungen am besten in Einklang bringen? [&hellip;]<\/p>\n","protected":false},"author":1,"featured_media":0,"parent":0,"menu_order":0,"comment_status":"open","ping_status":"open","template":"","meta":{"footnotes":""},"class_list":["post-10","page","type-page","status-publish","hentry"],"_links":{"self":[{"href":"https:\/\/www.wagner-kuechenstudio.de\/index.php?rest_route=\/wp\/v2\/pages\/10","targetHints":{"allow":["GET"]}}],"collection":[{"href":"https:\/\/www.wagner-kuechenstudio.de\/index.php?rest_route=\/wp\/v2\/pages"}],"about":[{"href":"https:\/\/www.wagner-kuechenstudio.de\/index.php?rest_route=\/wp\/v2\/types\/page"}],"author":[{"embeddable":true,"href":"https:\/\/www.wagner-kuechenstudio.de\/index.php?rest_route=\/wp\/v2\/users\/1"}],"replies":[{"embeddable":true,"href":"https:\/\/www.wagner-kuechenstudio.de\/index.php?rest_route=%2Fwp%2Fv2%2Fcomments&post=10"}],"version-history":[{"count":28,"href":"https:\/\/www.wagner-kuechenstudio.de\/index.php?rest_route=\/wp\/v2\/pages\/10\/revisions"}],"predecessor-version":[{"id":4446,"href":"https:\/\/www.wagner-kuechenstudio.de\/index.php?rest_route=\/wp\/v2\/pages\/10\/revisions\/4446"}],"wp:attachment":[{"href":"https:\/\/www.wagner-kuechenstudio.de\/index.php?rest_route=%2Fwp%2Fv2%2Fmedia&parent=10"}],"curies":[{"name":"wp","href":"https:\/\/api.w.org\/{rel}","templated":true}]}}