{"id":128,"date":"2011-06-06T11:00:08","date_gmt":"2011-06-06T11:00:08","guid":{"rendered":"http:\/\/warendorf.laborumgebung.de\/?page_id=128"},"modified":"2012-04-15T09:56:53","modified_gmt":"2012-04-15T08:56:53","slug":"musterkuchen","status":"publish","type":"page","link":"https:\/\/www.wagner-kuechenstudio.de\/?page_id=128","title":{"rendered":"MUSTERK\u00dcCHEN"},"content":{"rendered":"<p>Unser Anspruch ist es, Ihnen in unserem Studio aktuelle wie zeitlose K\u00fcchendesigns mit vielen kreativen Planungsideen zu zeigen. Daher aktualisieren wir best\u00e4ndig unsere neuwertigen Ausstellungsk\u00fcchen, die sie zu stark reduzierten Preisen erwerben k\u00f6nnen.<\/p>\n<div id=\"wb8da908\">\n<div class=\"bottomBar\"><a href=\"http:\/\/www.kuechen-atlas.de\/musterkuechen\/das-miele-studio-knauseder-gmbh\/\">Musterk\u00fcchen-Angebote bei K\u00fcchenAtlas<\/a><\/div>\n<\/div>\n<p>\n<script charset=\"utf-8\" type=\"text\/javascript\" src=\"http:\/\/www.kuechen-atlas.de\/widgets\/js_base\/\"><\/script><\/p>\n<p><script charset=\"utf-8\" type=\"text\/javascript\" src=\"http:\/\/www.kuechen-atlas.de\/widgets\/js\/das-miele-studio-knauseder-gmbh\/2\/wb8da908\/\"><\/script><\/p>\n","protected":false},"excerpt":{"rendered":"<p>Unser Anspruch ist es, Ihnen in unserem Studio aktuelle wie zeitlose K\u00fcchendesigns mit vielen kreativen Planungsideen zu zeigen. Daher aktualisieren wir best\u00e4ndig unsere neuwertigen Ausstellungsk\u00fcchen, die sie zu stark reduzierten Preisen erwerben k\u00f6nnen. Musterk\u00fcchen-Angebote bei K\u00fcchenAtlas<\/p>\n","protected":false},"author":1,"featured_media":0,"parent":6,"menu_order":0,"comment_status":"open","ping_status":"open","template":"subpages-iframe.php","meta":{"footnotes":""},"class_list":["post-128","page","type-page","status-publish","hentry"],"_links":{"self":[{"href":"https:\/\/www.wagner-kuechenstudio.de\/index.php?rest_route=\/wp\/v2\/pages\/128","targetHints":{"allow":["GET"]}}],"collection":[{"href":"https:\/\/www.wagner-kuechenstudio.de\/index.php?rest_route=\/wp\/v2\/pages"}],"about":[{"href":"https:\/\/www.wagner-kuechenstudio.de\/index.php?rest_route=\/wp\/v2\/types\/page"}],"author":[{"embeddable":true,"href":"https:\/\/www.wagner-kuechenstudio.de\/index.php?rest_route=\/wp\/v2\/users\/1"}],"replies":[{"embeddable":true,"href":"https:\/\/www.wagner-kuechenstudio.de\/index.php?rest_route=%2Fwp%2Fv2%2Fcomments&post=128"}],"version-history":[{"count":4,"href":"https:\/\/www.wagner-kuechenstudio.de\/index.php?rest_route=\/wp\/v2\/pages\/128\/revisions"}],"predecessor-version":[{"id":3430,"href":"https:\/\/www.wagner-kuechenstudio.de\/index.php?rest_route=\/wp\/v2\/pages\/128\/revisions\/3430"}],"up":[{"embeddable":true,"href":"https:\/\/www.wagner-kuechenstudio.de\/index.php?rest_route=\/wp\/v2\/pages\/6"}],"wp:attachment":[{"href":"https:\/\/www.wagner-kuechenstudio.de\/index.php?rest_route=%2Fwp%2Fv2%2Fmedia&parent=128"}],"curies":[{"name":"wp","href":"https:\/\/api.w.org\/{rel}","templated":true}]}}