{"id":189,"date":"2011-06-10T14:00:54","date_gmt":"2011-06-10T14:00:54","guid":{"rendered":"http:\/\/warendorf.laborumgebung.de\/?page_id=189"},"modified":"2024-09-05T09:14:50","modified_gmt":"2024-09-05T08:14:50","slug":"montage","status":"publish","type":"page","link":"https:\/\/www.wagner-kuechenstudio.de\/?page_id=189","title":{"rendered":"Montage"},"content":{"rendered":"<p>F\u00fcr die Realisierung Ihrer Traumk\u00fcche setzt REMPP K\u00fcchen ausschlie\u00dflich auf Profis. Bei der Planung, bei der Produktion und nat\u00fcrlich bei der Montage. Nur so kann h\u00f6chste Qualit\u00e4t bis ins letzte Detail gew\u00e4hrleistet werden. Dazu vertrauen wir auf die Handwerkskunst freundlicher und erfahrener K\u00fcchenschreiner und \u2013monteure. Sie bringen Ihre Traumk\u00fcche zu einem gelungenen Abschluss, richten Unterschr\u00e4nke korrekt aus, passen Blenden millimetergenau an, installieren fachm\u00e4nnisch Armaturen und Elektroger\u00e4te und stellen zu guter Letzt die Beschl\u00e4ge der T\u00fcren und und die Ausz\u00fcge exakt ein. Das Ergebnis: eine ma\u00dfgeschneiderte K\u00fcche.<\/p>\n","protected":false},"excerpt":{"rendered":"<p>F\u00fcr die Realisierung Ihrer Traumk\u00fcche setzt REMPP K\u00fcchen ausschlie\u00dflich auf Profis. Bei der Planung, bei der Produktion und nat\u00fcrlich bei der Montage. Nur so kann h\u00f6chste Qualit\u00e4t bis ins letzte Detail gew\u00e4hrleistet werden. Dazu vertrauen wir auf die Handwerkskunst freundlicher und erfahrener K\u00fcchenschreiner und \u2013monteure. Sie bringen Ihre Traumk\u00fcche zu einem gelungenen Abschluss, richten Unterschr\u00e4nke [&hellip;]<\/p>\n","protected":false},"author":1,"featured_media":2878,"parent":10,"menu_order":0,"comment_status":"open","ping_status":"open","template":"","meta":{"footnotes":""},"class_list":["post-189","page","type-page","status-publish","has-post-thumbnail","hentry"],"_links":{"self":[{"href":"https:\/\/www.wagner-kuechenstudio.de\/index.php?rest_route=\/wp\/v2\/pages\/189","targetHints":{"allow":["GET"]}}],"collection":[{"href":"https:\/\/www.wagner-kuechenstudio.de\/index.php?rest_route=\/wp\/v2\/pages"}],"about":[{"href":"https:\/\/www.wagner-kuechenstudio.de\/index.php?rest_route=\/wp\/v2\/types\/page"}],"author":[{"embeddable":true,"href":"https:\/\/www.wagner-kuechenstudio.de\/index.php?rest_route=\/wp\/v2\/users\/1"}],"replies":[{"embeddable":true,"href":"https:\/\/www.wagner-kuechenstudio.de\/index.php?rest_route=%2Fwp%2Fv2%2Fcomments&post=189"}],"version-history":[{"count":13,"href":"https:\/\/www.wagner-kuechenstudio.de\/index.php?rest_route=\/wp\/v2\/pages\/189\/revisions"}],"predecessor-version":[{"id":4492,"href":"https:\/\/www.wagner-kuechenstudio.de\/index.php?rest_route=\/wp\/v2\/pages\/189\/revisions\/4492"}],"up":[{"embeddable":true,"href":"https:\/\/www.wagner-kuechenstudio.de\/index.php?rest_route=\/wp\/v2\/pages\/10"}],"wp:featuredmedia":[{"embeddable":true,"href":"https:\/\/www.wagner-kuechenstudio.de\/index.php?rest_route=\/wp\/v2\/media\/2878"}],"wp:attachment":[{"href":"https:\/\/www.wagner-kuechenstudio.de\/index.php?rest_route=%2Fwp%2Fv2%2Fmedia&parent=189"}],"curies":[{"name":"wp","href":"https:\/\/api.w.org\/{rel}","templated":true}]}}