{"id":224,"date":"2011-06-10T14:08:48","date_gmt":"2011-06-10T14:08:48","guid":{"rendered":"http:\/\/warendorf.laborumgebung.de\/?page_id=224"},"modified":"2024-09-05T09:07:26","modified_gmt":"2024-09-05T08:07:26","slug":"impressum","status":"publish","type":"page","link":"https:\/\/www.wagner-kuechenstudio.de\/?page_id=224","title":{"rendered":"Impressum"},"content":{"rendered":"<h2>Angaben gem\u00e4\u00df \u00a7 5 TMG<\/h2>\n<p>J\u00fcrgen Wagner<br \/>\nK\u00fcchenstudio Wagner<br \/>\nAndreas-von-Renner-Platz 4<br \/>\n71254 Ditzingen<\/p>\n<h2>Kontakt<\/h2>\n<p>Telefon: +49 (0) 7156 3094820<br \/>\nE-Mail: info@wagner-kuechenstudio.de<\/p>\n<p class=\"p1\"><span class=\"s1\">Unter Verwendung von Texten der: Warendorfer K\u00fcchen GmbH, Mielestr. Warendorf, Rempp K\u00fcchen GmbH, Talstra\u00dfe, Wildberg<\/span><span class=\"s2\"><br \/>\n<\/span><span class=\"s1\">Quellenangaben f\u00fcr die verwendeten Bilder und Grafiken:<\/span><\/p>\n<p class=\"p2\"><span class=\"s2\">Bilder: eigene, bzw. Warendorfer K\u00fcchen GmbH, Rempp K\u00fcchen GmbH, Miele, Girsberger, KFF<br \/>\n<\/span><\/p>\n<h2>Umsatzsteuer<\/h2>\n<p>Umsatzsteuer-Identifikationsnummer gem\u00e4\u00df \u00a727 a Umsatzsteuergesetz:<br \/>\nDE 812 567 991<\/p>\n<h2>Streitschlichtung<\/h2>\n<p>Die Europ\u00e4ische Kommission stellt eine Plattform zur Online-Streitbeilegung (OS) bereit: <a href=\"https:\/\/ec.europa.eu\/consumers\/odr\" target=\"_blank\" rel=\"noopener\">https:\/\/ec.europa.eu\/consumers\/odr<\/a>.<br \/>\nUnsere E-Mail-Adresse finden Sie oben im Impressum.<\/p>\n<p>Wir sind nicht bereit oder verpflichtet, an Streitbeilegungsverfahren vor einer Verbraucherschlichtungsstelle teilzunehmen.<\/p>\n<h3>Haftung f\u00fcr Inhalte<\/h3>\n<p>Als Diensteanbieter sind wir gem\u00e4\u00df \u00a7 7 Abs.1 TMG f\u00fcr eigene Inhalte auf diesen Seiten nach den allgemeinen Gesetzen verantwortlich. Nach \u00a7\u00a7 8 bis 10 TMG sind wir als Diensteanbieter jedoch nicht verpflichtet, \u00fcbermittelte oder gespeicherte fremde Informationen zu \u00fcberwachen oder nach Umst\u00e4nden zu forschen, die auf eine rechtswidrige T\u00e4tigkeit hinweisen.<\/p>\n<p>Verpflichtungen zur Entfernung oder Sperrung der Nutzung von Informationen nach den allgemeinen Gesetzen bleiben hiervon unber\u00fchrt. Eine diesbez\u00fcgliche Haftung ist jedoch erst ab dem Zeitpunkt der Kenntnis einer konkreten Rechtsverletzung m\u00f6glich. Bei Bekanntwerden von entsprechenden Rechtsverletzungen werden wir diese Inhalte umgehend entfernen.<\/p>\n<h3>Haftung f\u00fcr Links<\/h3>\n<p>Unser Angebot enth\u00e4lt Links zu externen Websites Dritter, auf deren Inhalte wir keinen Einfluss haben. Deshalb k\u00f6nnen wir f\u00fcr diese fremden Inhalte auch keine Gew\u00e4hr \u00fcbernehmen. F\u00fcr die Inhalte der verlinkten Seiten ist stets der jeweilige Anbieter oder Betreiber der Seiten verantwortlich. Die verlinkten Seiten wurden zum Zeitpunkt der Verlinkung auf m\u00f6gliche Rechtsverst\u00f6\u00dfe \u00fcberpr\u00fcft. Rechtswidrige Inhalte waren zum Zeitpunkt der Verlinkung nicht erkennbar.<\/p>\n<p>Eine permanente inhaltliche Kontrolle der verlinkten Seiten ist jedoch ohne konkrete Anhaltspunkte einer Rechtsverletzung nicht zumutbar. Bei Bekanntwerden von Rechtsverletzungen werden wir derartige Links umgehend entfernen.<\/p>\n<h3>Urheberrecht<\/h3>\n<p>Die durch die Seitenbetreiber erstellten Inhalte und Werke auf diesen Seiten unterliegen dem deutschen Urheberrecht. Die Vervielf\u00e4ltigung, Bearbeitung, Verbreitung und jede Art der Verwertung au\u00dferhalb der Grenzen des Urheberrechtes bed\u00fcrfen der schriftlichen Zustimmung des jeweiligen Autors bzw. Erstellers. Downloads und Kopien dieser Seite sind nur f\u00fcr den privaten, nicht kommerziellen Gebrauch gestattet.<\/p>\n<p>Soweit die Inhalte auf dieser Seite nicht vom Betreiber erstellt wurden, werden die Urheberrechte Dritter beachtet. Insbesondere werden Inhalte Dritter als solche gekennzeichnet. Sollten Sie trotzdem auf eine Urheberrechtsverletzung aufmerksam werden, bitten wir um einen entsprechenden Hinweis. Bei Bekanntwerden von Rechtsverletzungen werden wir derartige Inhalte umgehend entfernen.<\/p>\n<p class=\"p1\"><span class=\"s1\">Betreuung der Internetseiten: Reinhard Austrup,\u00a0<a href=\"http:\/\/www.austrup-associates.com\/\"><span class=\"s2\">Austrup &amp; Associates<\/span><\/a>, Landshut, 2014<\/span><\/p>\n<p class=\"p1\"><span class=\"s1\">COPYRIGHT<\/span><\/p>\n<p class=\"p2\"><span class=\"s3\">\u00a9 Copyright f\u00fcr alle Seiten des Warendorfer K\u00fcchen GmbH-Internetaufritts: Warendorfer K\u00fcchen GmbH. Alle Rechte vorbehalten. Der Inhalt dieser Webseite darf nicht kopiert und ver\u00e4ndert werden und an anderer Stelle eingef\u00fcgt werden.<\/span><\/p>\n","protected":false},"excerpt":{"rendered":"<p>Angaben gem\u00e4\u00df \u00a7 5 TMG J\u00fcrgen Wagner K\u00fcchenstudio Wagner Andreas-von-Renner-Platz 4 71254 Ditzingen Kontakt Telefon: +49 (0) 7156 3094820 E-Mail: info@wagner-kuechenstudio.de Unter Verwendung von Texten der: Warendorfer K\u00fcchen GmbH, Mielestr. Warendorf, Rempp K\u00fcchen GmbH, Talstra\u00dfe, Wildberg Quellenangaben f\u00fcr die verwendeten Bilder und Grafiken: Bilder: eigene, bzw. Warendorfer K\u00fcchen GmbH, Rempp K\u00fcchen GmbH, Miele, Girsberger, KFF [&hellip;]<\/p>\n","protected":false},"author":1,"featured_media":0,"parent":0,"menu_order":0,"comment_status":"open","ping_status":"open","template":"","meta":{"footnotes":""},"class_list":["post-224","page","type-page","status-publish","hentry"],"_links":{"self":[{"href":"https:\/\/www.wagner-kuechenstudio.de\/index.php?rest_route=\/wp\/v2\/pages\/224","targetHints":{"allow":["GET"]}}],"collection":[{"href":"https:\/\/www.wagner-kuechenstudio.de\/index.php?rest_route=\/wp\/v2\/pages"}],"about":[{"href":"https:\/\/www.wagner-kuechenstudio.de\/index.php?rest_route=\/wp\/v2\/types\/page"}],"author":[{"embeddable":true,"href":"https:\/\/www.wagner-kuechenstudio.de\/index.php?rest_route=\/wp\/v2\/users\/1"}],"replies":[{"embeddable":true,"href":"https:\/\/www.wagner-kuechenstudio.de\/index.php?rest_route=%2Fwp%2Fv2%2Fcomments&post=224"}],"version-history":[{"count":17,"href":"https:\/\/www.wagner-kuechenstudio.de\/index.php?rest_route=\/wp\/v2\/pages\/224\/revisions"}],"predecessor-version":[{"id":4489,"href":"https:\/\/www.wagner-kuechenstudio.de\/index.php?rest_route=\/wp\/v2\/pages\/224\/revisions\/4489"}],"wp:attachment":[{"href":"https:\/\/www.wagner-kuechenstudio.de\/index.php?rest_route=%2Fwp%2Fv2%2Fmedia&parent=224"}],"curies":[{"name":"wp","href":"https:\/\/api.w.org\/{rel}","templated":true}]}}