{"id":226,"date":"2011-06-10T14:09:08","date_gmt":"2011-06-10T14:09:08","guid":{"rendered":"http:\/\/warendorf.laborumgebung.de\/?page_id=226"},"modified":"2012-03-29T13:39:37","modified_gmt":"2012-03-29T12:39:37","slug":"agb","status":"publish","type":"page","link":"https:\/\/www.wagner-kuechenstudio.de\/?page_id=226","title":{"rendered":"AGB"},"content":{"rendered":"<p>BENUTZUNG VON PERS\u00d6NLICHEN INFORMATIONEN<\/p>\n<p>Wagner K\u00fcchen und Hausger\u00e4te (J\u00fcrgen Wagner) erfasst Ihre pers\u00f6nlichen Daten wie z. B. Name, Anschrift, E-Mail-Adresse, Telefon- und Fax-Nummer ausschlie\u00dflich zu dem Zweck, zu dem Sie Ihre Daten zur Verf\u00fcgung stellen (z. B. zur Bearbeitung von Informationsanfragen oder Auftr\u00e4gen, Prospektbestellungen oder Versand von Newslettern). Wir verwenden diese Daten, um ein Ihren W\u00fcnschen entsprechendes Informations- und Leistungsangebot bereitzustellen und st\u00e4ndig zu verbessern.<\/p>\n<p>&nbsp;<\/p>\n<p>Sollten Sie nachtr\u00e4glich mit der Verarbeitung Ihrer Daten nicht mehr einverstanden sein, k\u00f6nnen Sie Ihr Einverst\u00e4ndnis jederzeit per Email an info@miele-wagner.de oder schriftlich an unsere vorstehend wiedergegebene Hausanschrift ohne Angabe von Gr\u00fcnden widerrufen.<\/p>\n<p>&nbsp;<\/p>\n<p>TECHNOLOGIEN<\/p>\n<p>Wagner K\u00fcchen und Hausger\u00e4te (J\u00fcrgen Wagner)  verwendet Internet-Technologien (z. B. Cookies, Java-Script) ausschlie\u00dflich dazu, Ihnen die Bedienung der Internet-Anwendungen zu erleichtern. Um die Attraktivit\u00e4t unserer Webseiten zu steigern, werden gelegentlich automatische Informationen eingeholt (z. B. Browser, Betriebssystem, Anzahl der Clicks, durchschnittliche Verweildauer pro Seite). Diese Informationen werden nicht personenbezogen erhoben.<\/p>\n<p>&nbsp;<\/p>\n<p>SICHERHEIT<\/p>\n<p>Wagner K\u00fcchen und Hausger\u00e4te (J\u00fcrgen Wagner)  gew\u00e4hrleistet die Sicherheit Ihrer personenbezogenen Daten vor Verlust, Zerst\u00f6rung, Verf\u00e4lschung, Manipulation, unberechtigtem Zugriff und unberechtigter Offenlegung.<\/p>\n<p>&nbsp;<\/p>\n<p>HYPERLINKS ZU ANDEREN WEBSEITEN<\/p>\n<p>Auf unseren Internetseiten vorhandene Verweise (sogenannte Links) k\u00f6nnen Sie zu den Webseiten anderer Unternehmen f\u00fchren. F\u00fcr deren Inhalt und Datenschutzstrategien ist Wagner K\u00fcchen und Hausger\u00e4te (J\u00fcrgen Wagner)  nicht verantwortlich.<\/p>\n<p>Fragen zum Thema Datenschutz<\/p>\n<p>Haben Sie Fragen oder Anmerkungen zum Datenschutz bei der Warendorfer K\u00fcchen GmbH? Dann nehmen Sie bitte Kontakt mit unserem Datenschutz-Beauftragten ( <a href=\"mailto:info@miele-wagner.de\">info@miele-wagner.de<\/a>) auf. Die Weiterentwicklung des Internet nimmt nat\u00fcrlich auch Einfluss auf unsere Datenschutzstrategie. Falls es zu \u00c4nderungen kommen sollte, werden wir das auf dieser Seite rechtzeitig bekannt geben.<\/p>\n<p>&nbsp;<\/p>\n<p>HAFTUNG<\/p>\n<ol>\n<li>Die zur Verf\u00fcgung gestellten Informationen und Downloads enthalten keinerlei verbindliche Garantien, Gew\u00e4hrleistungen oder Zusicherungen.<\/li>\n<li>Jede Haftung durch Wagner K\u00fcchen und Hausger\u00e4te (J\u00fcrgen Wagner)  f\u00fcr die Richtigkeit, Vollst\u00e4ndigkeit, Qualit\u00e4t und Zuverl\u00e4ssigkeit der Informationen sowie f\u00fcr Ergebnisse, die durch die Nutzung der Informationen erzielt werden k\u00f6nnen, ist ausgeschlossen. Wagner K\u00fcchen und Hausger\u00e4te (J\u00fcrgen Wagner) haftet nicht f\u00fcr etwaige Folgesch\u00e4den aus der Nutzung der Downloads, wie Betriebsunterbrechung, entgangenen Gewinn, Verlust von Informationen und Daten. Entscheidungen zur Nutzung der als Downloads von der Wagner K\u00fcchen und Hausger\u00e4te (J\u00fcrgen Wagner)  zur Verf\u00fcgung gestellten Software sollte der Nutzer nur in Absprache mit der Warendorfer K\u00fcchen GmbH treffen.<\/li>\n<li>Wagner K\u00fcchen und Hausger\u00e4te (J\u00fcrgen Wagner) haftet nicht f\u00fcr Sch\u00e4den, gleich aus welchem Rechtsgrund, die sich aus der Nutzung, der Unm\u00f6glichkeit der Nutzung, etwaigen Hard- oder Softwarefehlern oder falschen Systemeinstellungen beim Nutzer ergeben. Die Nutzung der Downloads geschieht auf eigene Gefahr. Wagner K\u00fcchen und Hausger\u00e4te (J\u00fcrgen Wagner)  \u00fcbernimmt keine Haftung f\u00fcr die Software und Informationen, insbesondere nicht hinsichtlich deren Benutzbarkeit, Richtigkeit, Vollst\u00e4ndigkeit und Virenfreiheit.<\/li>\n<li>Die Haftung der Wagner K\u00fcchen und Hausger\u00e4te (J\u00fcrgen Wagner)  ist ferner ausgeschlossen f\u00fcr Sch\u00e4den, die durch Viren, Trojanische Pferde, Hoax-Viren oder vergleichbare Programmierungen verursacht werden, sowie f\u00fcr Programme, Programmteile oder Codes, durch die eine \u00e4hnliche Beeintr\u00e4chtigung, Zerst\u00f6rung oder Stilllegung von Systemen oder Teilen derselben herbeigef\u00fchrt wird. Der Nutzer wird selbst Ma\u00dfnahmen zum Schutz vor Viren und anderen destruktiven Daten treffen.<\/li>\n<li>Die Haftung der Warendorfer K\u00fcchen GmbH f\u00fcr die fehlerhafte \u00dcbermittlung von an die Warendorfer K\u00fcchen GmbH gesendeten Daten, Manipulation dieser Daten durch Dritte, insbesondere durch unerlaubten Zugriff auf die Netzwerke und Systeme der Wagner K\u00fcchen und Hausger\u00e4te (J\u00fcrgen Wagner) , soweit solche Zugriffe nicht von Wagner K\u00fcchen und Hausger\u00e4te (J\u00fcrgen Wagner) zu vertreten sind, ist ausgeschlossen.<\/li>\n<li>Die Haftung ist nicht ausgeschlossen, soweit zwingend gehaftet wird, wie z. B. in F\u00e4llen des Vorsatzes, grober Fahrl\u00e4ssigkeit, bei Beschaffenheitsgarantien oder wegen Verletzung wesentlicher Vertragspflichten, im Fall der Verletzung von Leben, K\u00f6rper oder Gesundheit sowie bei einer Haftung nach dem Produkthaftungsgesetz. Der Schadenersatz wegen Verletzung wesentlicher Vertragspflichten ist jedoch begrenzt auf den vertragstypischen, vorhersehbaren Schaden, soweit nicht Vorsatz oder grobe Fahrl\u00e4ssigkeit vorliegt. Eine Umkehr der Beweislast zum Nachteil des Nutzers ist hiermit nicht verbunden.<\/li>\n<\/ol>\n","protected":false},"excerpt":{"rendered":"<p>BENUTZUNG VON PERS\u00d6NLICHEN INFORMATIONEN Wagner K\u00fcchen und Hausger\u00e4te (J\u00fcrgen Wagner) erfasst Ihre pers\u00f6nlichen Daten wie z. B. Name, Anschrift, E-Mail-Adresse, Telefon- und Fax-Nummer ausschlie\u00dflich zu dem Zweck, zu dem Sie Ihre Daten zur Verf\u00fcgung stellen (z. B. zur Bearbeitung von Informationsanfragen oder Auftr\u00e4gen, Prospektbestellungen oder Versand von Newslettern). Wir verwenden diese Daten, um ein Ihren [&hellip;]<\/p>\n","protected":false},"author":1,"featured_media":0,"parent":0,"menu_order":0,"comment_status":"open","ping_status":"open","template":"","meta":{"footnotes":""},"class_list":["post-226","page","type-page","status-publish","hentry"],"_links":{"self":[{"href":"https:\/\/www.wagner-kuechenstudio.de\/index.php?rest_route=\/wp\/v2\/pages\/226","targetHints":{"allow":["GET"]}}],"collection":[{"href":"https:\/\/www.wagner-kuechenstudio.de\/index.php?rest_route=\/wp\/v2\/pages"}],"about":[{"href":"https:\/\/www.wagner-kuechenstudio.de\/index.php?rest_route=\/wp\/v2\/types\/page"}],"author":[{"embeddable":true,"href":"https:\/\/www.wagner-kuechenstudio.de\/index.php?rest_route=\/wp\/v2\/users\/1"}],"replies":[{"embeddable":true,"href":"https:\/\/www.wagner-kuechenstudio.de\/index.php?rest_route=%2Fwp%2Fv2%2Fcomments&post=226"}],"version-history":[{"count":3,"href":"https:\/\/www.wagner-kuechenstudio.de\/index.php?rest_route=\/wp\/v2\/pages\/226\/revisions"}],"predecessor-version":[{"id":3398,"href":"https:\/\/www.wagner-kuechenstudio.de\/index.php?rest_route=\/wp\/v2\/pages\/226\/revisions\/3398"}],"wp:attachment":[{"href":"https:\/\/www.wagner-kuechenstudio.de\/index.php?rest_route=%2Fwp%2Fv2%2Fmedia&parent=226"}],"curies":[{"name":"wp","href":"https:\/\/api.w.org\/{rel}","templated":true}]}}