{"id":3280,"date":"2011-06-06T16:00:37","date_gmt":"2011-06-06T16:00:37","guid":{"rendered":"http:\/\/warendorf.laborumgebung.de\/?page_id=8"},"modified":"2026-04-22T14:40:16","modified_gmt":"2026-04-22T13:40:16","slug":"haushaltsgerate","status":"publish","type":"page","link":"https:\/\/www.wagner-kuechenstudio.de\/?page_id=3280","title":{"rendered":"HAUSHALTSGER\u00c4TE"},"content":{"rendered":"<p>Integriert oder voll integriert \u2013 erst die Haushaltsger\u00e4te komplettieren die K\u00fcche als Funktionseinheit. Hier arbeiten wir mit gleichgesinnten Partnern zusammen, die in puncto Qualit\u00e4t, Langlebigkeit und Leistungsst\u00e4rke ebenso keine Kompromisse eingehen.<\/p>\n<p>Wir sind autorisierter Fachhandelspartner der Marken: <strong>MIELE, Gaggenau, BORA, Berbel, Quooker, Franke, Blanco und Hansgrohe.\u00a0<\/strong>Einen \u00dcberblick \u00fcber\u00a0<strong>Auszeichnungen<\/strong>\u00a0und\u00a0<strong>Miele-Testsiege<\/strong>\u00a0finden Sie\u00a0<a title=\"Miele Auszeichnungen &amp; Testsiege\" href=\"http:\/\/www.miele.de\/de\/haushalt\/53989_53991.htm#p53990\" target=\"_blank\" rel=\"noopener\">hier<\/a>.<\/p>\n<p>Hausger\u00e4te von MIELE haben die l\u00e4ngste Nutzungsdauer in Haushalten. Keine andere Marke erreicht eine ann\u00e4hernd hohe Lebensdauer. Als autorisierter MIELE Fachhandelspartner beraten wir Sie in allen Fragen zu MIELE Haushaltsger\u00e4ten. Bei uns finden Sie vom Bodenstaubsauger \u00fcber die Waschmaschine bis zum W\u00e4schetrockner die ausgezeichneten Ger\u00e4te von MIELE.<\/p>\n<p>Das Unternehmen MIELE steht f\u00fcr un\u00fcbertroffene Qualit\u00e4t und Zuverl\u00e4ssigkeit, f\u00fcr Innovation und intelligente Technik. Das kommt nicht von ungef\u00e4hr. Jahrzehntelange Erfahrung und das Streben nach immer besseren L\u00f6sungen hat Miele zu einem der globalen Technologief\u00fchrer bei Haushaltsger\u00e4ten gemacht. Wir sind autorisierter Miele Servicepartner und stehen Ihnen mit Rat und Tat beiseite. Sie finden bei uns nicht nur MIELE Haushaltsger\u00e4te, sondern auch das passende Zubeh\u00f6r, vom Staubsaugerbeutel bis zum Waschmittel.<\/p>\n\n\n<h3 class=\"wp-block-heading\"><strong>Miele Ger\u00e4te in K\u00fcche und Haushalt<\/strong><\/h3>\n\n\n\n<p><br>Hausger\u00e4te von Miele haben die l\u00e4ngste Nutzungsdauer in Haushalten. Keine andere Marke erreicht eine ann\u00e4hernd hohe Lebensdauer. Der Dauertest des unabh\u00e4ngigen W\u00e4schereiforschungs-Instituts Krefeld (wfk) hat gezeigt, dass Miele-Waschmaschinen als einzige der getesteten Ger\u00e4te nach einer Lebensdauerpr\u00fcfung von fast 5000 Waschg\u00e4ngen ? das entspricht etwa einem Zeitraum von 20 Jahren ? noch einwandfrei funktionieren.<\/p>\n\n\n\n<p>Die im Wettbewerbsvergleich durchschnittlich \u00fcber sechs Jahre l\u00e4ngere Nutzungsdauer zeigt nachhaltige Wirkung: Wenn die Ger\u00e4te l\u00e4nger genutzt werden, dann tr\u00e4gt das zur Energieeinsparung und zur Schonung der Ressourcen bei. Damit die Miele-Ger\u00e4te technisch immer auf dem neuesten Stand bleiben, bietet Miele eine unproblematische Update-Funktion an.<\/p>\n\n\n\n<p>Weiter Infos zu den Miele Hausger\u00e4ten aus unserem Sortiment finden Sie auf den Seite direkt bei&nbsp;<a href=\"http:\/\/www.miele.de\" target=\"_blank\" rel=\"noreferrer noopener\">MIELE<\/a>&nbsp;<\/p>\n\n\n\n<p><strong>Kochen neu gedacht: Die neuen KM 8000 Kochfelder von Miele verbinden Innovation &amp; Design<\/strong><\/p>\n\n\n\n<p>Nichts brennt an. Nichts kocht \u00fcber mit dem intelligenten System&nbsp;\u201eM Sense\u201c&nbsp; <br>Mehr Flexibilit\u00e4t: Gro\u00dfz\u00fcgige Kochzonen oder vollfl\u00e4chige Induktion<br>&nbsp;Neue Bedienelemente zur schnellen \u00dcbersicht und intuitiven Bedienung<\/p>\n\n\n\n<figure class=\"wp-block-gallery has-nested-images columns-default is-cropped wp-block-gallery-1 is-layout-flex wp-block-gallery-is-layout-flex\">\n<figure class=\"wp-block-image size-large\"><a href=\"https:\/\/www.wagner-kuechenstudio.de\/wp-content\/uploads\/2026\/04\/2026-032_01.jpg\"><img loading=\"lazy\" decoding=\"async\" width=\"1024\" height=\"683\" data-id=\"4538\" src=\"https:\/\/www.wagner-kuechenstudio.de\/wp-content\/uploads\/2026\/04\/2026-032_01-1024x683.jpg\" alt=\"\" class=\"wp-image-4538\" srcset=\"https:\/\/www.wagner-kuechenstudio.de\/wp-content\/uploads\/2026\/04\/2026-032_01-1024x683.jpg 1024w, https:\/\/www.wagner-kuechenstudio.de\/wp-content\/uploads\/2026\/04\/2026-032_01-300x200.jpg 300w, https:\/\/www.wagner-kuechenstudio.de\/wp-content\/uploads\/2026\/04\/2026-032_01-768x512.jpg 768w, https:\/\/www.wagner-kuechenstudio.de\/wp-content\/uploads\/2026\/04\/2026-032_01-1536x1024.jpg 1536w, https:\/\/www.wagner-kuechenstudio.de\/wp-content\/uploads\/2026\/04\/2026-032_01-2048x1365.jpg 2048w\" sizes=\"auto, (max-width: 1024px) 100vw, 1024px\" \/><\/a><\/figure>\n<\/figure>\n\n\n\n<p><strong>Komfort trifft auf Design: die neuen French Door Standger\u00e4te<\/strong><\/p>\n\n\n\n<p>Mit den neuen French Door Standger\u00e4ten etabliert Miele eine Premium-Kategorie, die funktionale Vielfalt mit edler Optik vereint. Das Design mit Fl\u00fcgelt\u00fcren erm\u00f6glicht nicht nur einen komfortablen Zugriff auf alle F\u00e4cher, sondern bietet auch Raum f\u00fcr eine \u00fcbersichtliche Lagerung. Besonders hervorzuheben ist das Frischesystem&nbsp;\u201ePerfectFresh Active\u201c, das mit aktiver Befeuchtung f\u00fcr l\u00e4ngere Haltbarkeit sorgt.&nbsp;Erg\u00e4nzt wird dies durch das \u201eLonglife&nbsp;AirClean System\u201c. Der regenerierbare Filter reduziert sp\u00fcrbar st\u00f6rende Ger\u00fcche und bewahrt damit die Frische Ihrer Lebensmittel. Ein weiteres Highlight der Ger\u00e4te&nbsp;ist die \u201eFreeze&amp;Cool\u201c- Funktion. Sie erm\u00f6glicht es, einen Teil des Ger\u00e4tes flexibel als K\u00fchl- oder Gefrierfach zu nutzen. W\u00e4hrend der Eis- und Wasserspender f\u00fcr eine gefilterte Erfrischung sorgt, setzen die hochwertigen Glasoberfl\u00e4chen ein stilvolles Statement in jeder modernen K\u00fcche. Ideal f\u00fcr Familien, die Wert auf Design und Komfort legen.<\/p>\n\n\n\n<figure class=\"wp-block-image size-large is-resized\"><a href=\"https:\/\/www.wagner-kuechenstudio.de\/wp-content\/uploads\/2026\/04\/2026-031_02.jpg\"><img loading=\"lazy\" decoding=\"async\" width=\"791\" height=\"1024\" src=\"https:\/\/www.wagner-kuechenstudio.de\/wp-content\/uploads\/2026\/04\/2026-031_02-791x1024.jpg\" alt=\"\" class=\"wp-image-4539\" style=\"aspect-ratio:0.7724867724867724;width:518px;height:auto\" srcset=\"https:\/\/www.wagner-kuechenstudio.de\/wp-content\/uploads\/2026\/04\/2026-031_02-791x1024.jpg 791w, https:\/\/www.wagner-kuechenstudio.de\/wp-content\/uploads\/2026\/04\/2026-031_02-232x300.jpg 232w, https:\/\/www.wagner-kuechenstudio.de\/wp-content\/uploads\/2026\/04\/2026-031_02-768x994.jpg 768w, https:\/\/www.wagner-kuechenstudio.de\/wp-content\/uploads\/2026\/04\/2026-031_02.jpg 1082w\" sizes=\"auto, (max-width: 791px) 100vw, 791px\" \/><\/a><\/figure>\n\n\n\n<p>Text und Bild: Miele<\/p>\n","protected":false},"excerpt":{"rendered":"<p>Integriert oder voll integriert \u2013 erst die Haushaltsger\u00e4te komplettieren die K\u00fcche als Funktionseinheit. Hier arbeiten wir mit gleichgesinnten Partnern zusammen, die in puncto Qualit\u00e4t, Langlebigkeit und Leistungsst\u00e4rke ebenso keine Kompromisse eingehen. Wir sind autorisierter Fachhandelspartner der Marken: MIELE, Gaggenau, BORA, Berbel, Quooker, Franke, Blanco und Hansgrohe.\u00a0Einen \u00dcberblick \u00fcber\u00a0Auszeichnungen\u00a0und\u00a0Miele-Testsiege\u00a0finden Sie\u00a0hier. Hausger\u00e4te von MIELE haben die l\u00e4ngste [&hellip;]<\/p>\n","protected":false},"author":1,"featured_media":4197,"parent":0,"menu_order":0,"comment_status":"open","ping_status":"open","template":"","meta":{"footnotes":""},"class_list":["post-3280","page","type-page","status-publish","has-post-thumbnail","hentry"],"_links":{"self":[{"href":"https:\/\/www.wagner-kuechenstudio.de\/index.php?rest_route=\/wp\/v2\/pages\/3280","targetHints":{"allow":["GET"]}}],"collection":[{"href":"https:\/\/www.wagner-kuechenstudio.de\/index.php?rest_route=\/wp\/v2\/pages"}],"about":[{"href":"https:\/\/www.wagner-kuechenstudio.de\/index.php?rest_route=\/wp\/v2\/types\/page"}],"author":[{"embeddable":true,"href":"https:\/\/www.wagner-kuechenstudio.de\/index.php?rest_route=\/wp\/v2\/users\/1"}],"replies":[{"embeddable":true,"href":"https:\/\/www.wagner-kuechenstudio.de\/index.php?rest_route=%2Fwp%2Fv2%2Fcomments&post=3280"}],"version-history":[{"count":41,"href":"https:\/\/www.wagner-kuechenstudio.de\/index.php?rest_route=\/wp\/v2\/pages\/3280\/revisions"}],"predecessor-version":[{"id":4542,"href":"https:\/\/www.wagner-kuechenstudio.de\/index.php?rest_route=\/wp\/v2\/pages\/3280\/revisions\/4542"}],"wp:featuredmedia":[{"embeddable":true,"href":"https:\/\/www.wagner-kuechenstudio.de\/index.php?rest_route=\/wp\/v2\/media\/4197"}],"wp:attachment":[{"href":"https:\/\/www.wagner-kuechenstudio.de\/index.php?rest_route=%2Fwp%2Fv2%2Fmedia&parent=3280"}],"curies":[{"name":"wp","href":"https:\/\/api.w.org\/{rel}","templated":true}]}}